{"id":361,"date":"2025-02-11T15:48:40","date_gmt":"2025-02-11T15:48:40","guid":{"rendered":"https:\/\/www.9senses.ai\/?page_id=361"},"modified":"2026-03-03T11:46:20","modified_gmt":"2026-03-03T11:46:20","slug":"imprint","status":"publish","type":"page","link":"https:\/\/www.9senses.net\/de\/imprint\/","title":{"rendered":"Impressum"},"content":{"rendered":"<div class=\"et_pb_section_0 et_pb_section et_section_regular et_block_section preset--group--divi-section--divi-box-shadow--default preset--group--divi-section--divi-sizing--default preset--group--divi-section--divi-sizing--hsj9uxo--default\">\n<div class=\"et_pb_row_0 et_pb_row et_block_row preset--group--divi-row--divi-box-shadow--default preset--group--divi-row--divi-sizing--h1k452m--default\">\n<div class=\"et_pb_column_0 et_pb_column et_pb_column_4_4 et-last-child et_block_column et_pb_css_mix_blend_mode_passthrough preset--group--divi-column--divi-box-shadow--default preset--group--divi-column--divi-sizing--default preset--group--divi-column--divi-sizing--hsj9uxo--default\">\n<div class=\"et_pb_text_0 et_pb_text et_pb_bg_layout_light et_pb_module et_block_module preset--group--divi-text--divi-box-shadow--default preset--group--divi-text--divi-sizing--default preset--module--divi-text--9f6bba78-428e-4c83-b816-460811c2c529\"><div class=\"et_pb_text_inner\"><h4>Das Kleingedruckte<\/h4>\n<\/div><\/div>\n<\/div>\n<\/div>\n\n<div class=\"et_pb_row_1 et_pb_row et_pb_row_3-4_1-4 et_block_row et_block_row_3-4_1-4 preset--group--divi-row--divi-box-shadow--default preset--group--divi-row--divi-sizing--h1k452m--default\">\n<div class=\"et_pb_column_1 et_pb_column et_pb_column_3_4 et_block_column et_pb_css_mix_blend_mode_passthrough preset--group--divi-column--divi-box-shadow--default preset--group--divi-column--divi-sizing--default preset--group--divi-column--divi-sizing--hsj9uxo--default\">\n<div class=\"et_pb_text_1 et_pb_text et_pb_bg_layout_light et_pb_module et_block_module preset--group--divi-text--divi-box-shadow--default preset--group--divi-text--divi-sizing--default preset--module--divi-text--0241502a-1974-4cc3-b28c-915e7d98c0df\"><div class=\"et_pb_text_inner\"><h1>Impressum<\/h1>\n<\/div><\/div>\n\n<div class=\"et_pb_text_2 et_pb_text et_pb_bg_layout_light et_pb_module et_block_module preset--group--divi-text--divi-box-shadow--default preset--group--divi-text--divi-sizing--default preset--module--divi-text--258bb3fd-bfcf-4c1f-99fb-31ea461945c3\"><div class=\"et_pb_text_inner\"><h2><a href=\"\/de\/privacy-policy\/\"><\/a>Adresse<\/h2>\n<p>9senses AG<br \/>Florastrasse 49<br \/>8008 Z\u00fcrich\/Schweiz<br \/>contact{at}9senses.ai<\/p>\n<p>\u00a0<\/p>\n<h2>Vertreten durch<\/h2>\n<p>Johannes Kunz, Verwaltungsrat<\/p>\n<h2><\/h2>\n<h2>Registerdaten<\/h2>\n<p>Eingetragen im Handelsregister des Kantons Z\u00fcrich<br \/>Registered company name 9senses AG<br \/>Firmennummer <span ng-switch-when=\"PANEL\"><span ng-if=\"ctrl.field.fields\" ng-repeat=\"field in ctrl.field.fields\"><span ng-switch-when=\"TEXT_AREA\">CHE-107.406.941<\/span><\/span><\/span><\/p>\n<p><span ng-switch-when=\"PANEL\"><span ng-if=\"ctrl.field.fields\" ng-repeat=\"field in ctrl.field.fields\"><span ng-switch-when=\"TEXT_AREA\"><\/span><\/span><\/span><\/p>\n<h2>Mehrwertsteuernummer<\/h2>\n<p><span ng-switch-when=\"PANEL\"><span ng-if=\"ctrl.field.fields\" ng-repeat=\"field in ctrl.field.fields\"><span ng-switch-when=\"TEXT_AREA\">CHE-107.406.941<\/span><\/span><\/span><\/p>\n<p><span ng-switch-when=\"PANEL\"><span ng-if=\"ctrl.field.fields\" ng-repeat=\"field in ctrl.field.fields\"><span ng-switch-when=\"TEXT_AREA\"><\/span><\/span><\/span><\/p>\n<h2>Haftungsausschluss<\/h2>\n<p><span class=\"HwtZe\" jsaction=\"mouseup:Sxi9L,BR6jm; mousedown:qjlr0e\" jsname=\"jqKxS\" lang=\"en\"><span jsaction=\"agoMJf:PFBcW;MZfLnc:P7O7bd;nt4Alf:pvnm0e,pfE8Hb,PFBcW;B01qod:dJXsye;H1e5u:iXtTIf;lYIUJf:hij5Wb\" jsname=\"txFAF\" class=\"jCAhz ChMk0b\" jscontroller=\"BiTO4b\"><span class=\"ryNqvb\" jsname=\"W297wb\" jsaction=\"click:PDNqTc,GFf3ac,qlVvte;contextmenu:Nqw7Te,QP7LD; mouseout:Nqw7Te; mouseover:PDNqTc,c2aHje\">Der Autor \u00fcbernimmt keinerlei Gew\u00e4hr hinsichtlich der inhaltlichen Richtigkeit, Genauigkeit, Aktualit\u00e4t, Zuverl\u00e4ssigkeit und Vollst\u00e4ndigkeit der Informationen<\/span><\/span> <span jsaction=\"agoMJf:PFBcW;MZfLnc:P7O7bd;nt4Alf:pvnm0e,pfE8Hb,PFBcW;B01qod:dJXsye;H1e5u:iXtTIf;lYIUJf:hij5Wb\" jsname=\"txFAF\" class=\"jCAhz ChMk0b\" jscontroller=\"BiTO4b\"><span class=\"ryNqvb\" jsname=\"W297wb\" jsaction=\"click:PDNqTc,GFf3ac,qlVvte;contextmenu:Nqw7Te,QP7LD; mouseout:Nqw7Te; mouseover:PDNqTc,c2aHje\">Haftungsanspr\u00fcche gegen den Autor wegen Sch\u00e4den materieller oder immaterieller Art, welche aus dem Zugriff oder der Nutzung bzw. Nichtnutzung der ver\u00f6ffentlichten Informationen, durch Missbrauch der Verbindung oder durch technische St\u00f6rungen entstanden sind, werden ausgeschlossen.<\/span><\/span> <span jsaction=\"agoMJf:PFBcW;MZfLnc:P7O7bd;nt4Alf:pvnm0e,pfE8Hb,PFBcW;B01qod:dJXsye;H1e5u:iXtTIf;lYIUJf:hij5Wb\" jsname=\"txFAF\" class=\"jCAhz ChMk0b\" jscontroller=\"BiTO4b\"><span class=\"ryNqvb\" jsname=\"W297wb\" jsaction=\"click:PDNqTc,GFf3ac,qlVvte;contextmenu:Nqw7Te,QP7LD; mouseout:Nqw7Te; mouseover:PDNqTc,c2aHje\">Alle Angebote sind unverbindlich<\/span><\/span> <span jsaction=\"agoMJf:PFBcW;MZfLnc:P7O7bd;nt4Alf:pvnm0e,pfE8Hb,PFBcW;B01qod:dJXsye;H1e5u:iXtTIf;lYIUJf:hij5Wb\" jsname=\"txFAF\" class=\"jCAhz ChMk0b\" jscontroller=\"BiTO4b\"><span class=\"ryNqvb\" jsname=\"W297wb\" jsaction=\"click:PDNqTc,GFf3ac,qlVvte;contextmenu:Nqw7Te,QP7LD; mouseout:Nqw7Te; mouseover:PDNqTc,c2aHje\">Der Autor beh\u00e4lt es sich ausdr\u00fccklich vor, Teile der Seiten oder das gesamte Angebot ohne gesonderte Ank\u00fcndigung zu ver\u00e4ndern, zu erg\u00e4nzen, zu l\u00f6schen oder die Ver\u00f6ffentlichung zeitweise oder endg\u00fcltig einzustellen.<\/span><\/span><\/span><\/p>\n<p><span class=\"HwtZe\" jsaction=\"mouseup:Sxi9L,BR6jm; mousedown:qjlr0e\" jsname=\"jqKxS\" lang=\"en\"><span jsaction=\"agoMJf:PFBcW;MZfLnc:P7O7bd;nt4Alf:pvnm0e,pfE8Hb,PFBcW;B01qod:dJXsye;H1e5u:iXtTIf;lYIUJf:hij5Wb\" jsname=\"txFAF\" class=\"jCAhz ChMk0b\" jscontroller=\"BiTO4b\"><span class=\"ryNqvb\" jsname=\"W297wb\" jsaction=\"click:PDNqTc,GFf3ac,qlVvte;contextmenu:Nqw7Te,QP7LD; mouseout:Nqw7Te; mouseover:PDNqTc,c2aHje\"><\/span><\/span><\/span><\/p>\n<h2>Haftung f\u00fcr Links<\/h2>\n<p><span class=\"HwtZe\" jsaction=\"mouseup:Sxi9L,BR6jm; mousedown:qjlr0e\" jsname=\"jqKxS\" lang=\"en\"><span jsaction=\"agoMJf:PFBcW;MZfLnc:P7O7bd;nt4Alf:pvnm0e,pfE8Hb,PFBcW;B01qod:dJXsye;H1e5u:iXtTIf;lYIUJf:hij5Wb\" jsname=\"txFAF\" class=\"jCAhz ChMk0b\" jscontroller=\"BiTO4b\"><span class=\"ryNqvb\" jsname=\"W297wb\" jsaction=\"click:PDNqTc,GFf3ac,qlVvte;contextmenu:Nqw7Te,QP7LD; mouseout:Nqw7Te; mouseover:PDNqTc,c2aHje\">Unser Angebot enth\u00e4lt Links zu externen Webseiten Dritter, auf deren Inhalte wir keinen Einfluss haben.<\/span><\/span> <span jsaction=\"agoMJf:PFBcW;MZfLnc:P7O7bd;nt4Alf:pvnm0e,pfE8Hb,PFBcW;B01qod:dJXsye;H1e5u:iXtTIf;lYIUJf:hij5Wb\" jsname=\"txFAF\" class=\"jCAhz ChMk0b\" jscontroller=\"BiTO4b\"><span class=\"ryNqvb\" jsname=\"W297wb\" jsaction=\"click:PDNqTc,GFf3ac,qlVvte;contextmenu:Nqw7Te,QP7LD; mouseout:Nqw7Te; mouseover:PDNqTc,c2aHje\">Deshalb k\u00f6nnen wir f\u00fcr diese fremden Inhalte auch keine Gew\u00e4hr \u00fcbernehmen.<\/span><\/span> <span jsaction=\"agoMJf:PFBcW;MZfLnc:P7O7bd;nt4Alf:pvnm0e,pfE8Hb,PFBcW;B01qod:dJXsye;H1e5u:iXtTIf;lYIUJf:hij5Wb\" jsname=\"txFAF\" class=\"jCAhz ChMk0b\" jscontroller=\"BiTO4b\"><span class=\"ryNqvb\" jsname=\"W297wb\" jsaction=\"click:PDNqTc,GFf3ac,qlVvte;contextmenu:Nqw7Te,QP7LD; mouseout:Nqw7Te; mouseover:PDNqTc,c2aHje\">F\u00fcr die Inhalte der verlinkten Seiten ist stets der jeweilige Anbieter oder Betreiber der Seiten verantwortlich.<\/span><\/span> <span jsaction=\"agoMJf:PFBcW;MZfLnc:P7O7bd;nt4Alf:pvnm0e,pfE8Hb,PFBcW;B01qod:dJXsye;H1e5u:iXtTIf;lYIUJf:hij5Wb\" jsname=\"txFAF\" class=\"jCAhz ChMk0b\" jscontroller=\"BiTO4b\"><span class=\"ryNqvb\" jsname=\"W297wb\" jsaction=\"click:PDNqTc,GFf3ac,qlVvte;contextmenu:Nqw7Te,QP7LD; mouseout:Nqw7Te; mouseover:PDNqTc,c2aHje\">Die verlinkten Seiten wurden zum Zeitpunkt der Verlinkung auf m\u00f6gliche Rechtsverst\u00f6\u00dfe \u00fcberpr\u00fcft, und<\/span><\/span> <span jsaction=\"agoMJf:PFBcW;MZfLnc:P7O7bd;nt4Alf:pvnm0e,pfE8Hb,PFBcW;B01qod:dJXsye;H1e5u:iXtTIf;lYIUJf:hij5Wb\" jsname=\"txFAF\" class=\"jCAhz ChMk0b\" jscontroller=\"BiTO4b\"><span class=\"ryNqvb\" jsname=\"W297wb\" jsaction=\"click:PDNqTc,GFf3ac,qlVvte;contextmenu:Nqw7Te,QP7LD; mouseout:Nqw7Te; mouseover:PDNqTc,c2aHje\">rechtswidrige Inhalte waren zum Zeitpunkt der Verlinkung nicht erkennbar.<\/span><\/span> <span jsaction=\"agoMJf:PFBcW;MZfLnc:P7O7bd;nt4Alf:pvnm0e,pfE8Hb,PFBcW;B01qod:dJXsye;H1e5u:iXtTIf;lYIUJf:hij5Wb\" jsname=\"txFAF\" class=\"jCAhz ChMk0b\" jscontroller=\"BiTO4b\"><span class=\"ryNqvb\" jsname=\"W297wb\" jsaction=\"click:PDNqTc,GFf3ac,qlVvte;contextmenu:Nqw7Te,QP7LD; mouseout:Nqw7Te; mouseover:PDNqTc,c2aHje\">Eine permanente inhaltliche Kontrolle der verlinkten Seiten ist jedoch ohne konkrete Anhaltspunkte einer Rechtsverletzung nicht zumutbar.<\/span><\/span> <span jsaction=\"agoMJf:PFBcW;MZfLnc:P7O7bd;nt4Alf:pvnm0e,pfE8Hb,PFBcW;B01qod:dJXsye;H1e5u:iXtTIf;lYIUJf:hij5Wb\" jsname=\"txFAF\" class=\"jCAhz ChMk0b\" jscontroller=\"BiTO4b\"><span class=\"ryNqvb\" jsname=\"W297wb\" jsaction=\"click:PDNqTc,GFf3ac,qlVvte;contextmenu:Nqw7Te,QP7LD; mouseout:Nqw7Te; mouseover:PDNqTc,c2aHje\">Bei Bekanntwerden von Rechtsverletzungen werden wir derartige Links umgehend entfernen.<\/span><\/span><\/span><\/p>\n<p><span class=\"HwtZe\" jsaction=\"mouseup:Sxi9L,BR6jm; mousedown:qjlr0e\" jsname=\"jqKxS\" lang=\"en\"><span jsaction=\"agoMJf:PFBcW;MZfLnc:P7O7bd;nt4Alf:pvnm0e,pfE8Hb,PFBcW;B01qod:dJXsye;H1e5u:iXtTIf;lYIUJf:hij5Wb\" jsname=\"txFAF\" class=\"jCAhz ChMk0b\" jscontroller=\"BiTO4b\"><span class=\"ryNqvb\" jsname=\"W297wb\" jsaction=\"click:PDNqTc,GFf3ac,qlVvte;contextmenu:Nqw7Te,QP7LD; mouseout:Nqw7Te; mouseover:PDNqTc,c2aHje\"><\/span><\/span><\/span><\/p>\n<h2>Urheberrechte<\/h2>\n<p><span class=\"HwtZe\" jsaction=\"mouseup:Sxi9L,BR6jm; mousedown:qjlr0e\" jsname=\"jqKxS\" lang=\"en\"><span jsaction=\"agoMJf:PFBcW;MZfLnc:P7O7bd;nt4Alf:pvnm0e,pfE8Hb,PFBcW;B01qod:dJXsye;H1e5u:iXtTIf;lYIUJf:hij5Wb\" jsname=\"txFAF\" class=\"jCAhz ChMk0b\" jscontroller=\"BiTO4b\"><span class=\"ryNqvb\" jsname=\"W297wb\" jsaction=\"click:PDNqTc,GFf3ac,qlVvte;contextmenu:Nqw7Te,QP7LD; mouseout:Nqw7Te; mouseover:PDNqTc,c2aHje\">Die Urheber- und alle anderen Rechte an Inhalten, Bildern, Fotos oder anderen Dateien auf der Website geh\u00f6ren ausschliesslich der Firma IIER AG oder den speziell genannten Rechtsinhabern.<\/span><\/span> <span jsaction=\"agoMJf:PFBcW;MZfLnc:P7O7bd;nt4Alf:pvnm0e,pfE8Hb,PFBcW;B01qod:dJXsye;H1e5u:iXtTIf;lYIUJf:hij5Wb\" jsname=\"txFAF\" class=\"jCAhz ChMk0b\" jscontroller=\"BiTO4b\"><span class=\"ryNqvb\" jsname=\"W297wb\" jsaction=\"click:PDNqTc,GFf3ac,qlVvte;contextmenu:Nqw7Te,QP7LD; mouseout:Nqw7Te; mouseover:PDNqTc,c2aHje\">F\u00fcr die Reproduktion jeglicher Elemente ist die schriftliche Zustimmung der Urheberrechtstr\u00e4ger im Voraus einzuholen.<\/span><\/span> <span jsaction=\"agoMJf:PFBcW;MZfLnc:P7O7bd;nt4Alf:pvnm0e,pfE8Hb,PFBcW;B01qod:dJXsye;H1e5u:iXtTIf;lYIUJf:hij5Wb\" jsname=\"txFAF\" class=\"jCAhz ChMk0b\" jscontroller=\"BiTO4b\"><span class=\"ryNqvb\" jsname=\"W297wb\" jsaction=\"click:PDNqTc,GFf3ac,qlVvte;contextmenu:Nqw7Te,QP7LD; mouseout:Nqw7Te; mouseover:PDNqTc,c2aHje\">Soweit die Inhalte auf dieser Seite nicht vom Betreiber erstellt wurden, werden die Urheberrechte Dritter beachtet.<\/span><\/span> <span jsaction=\"agoMJf:PFBcW;MZfLnc:P7O7bd;nt4Alf:pvnm0e,pfE8Hb,PFBcW;B01qod:dJXsye;H1e5u:iXtTIf;lYIUJf:hij5Wb\" jsname=\"txFAF\" class=\"jCAhz ChMk0b\" jscontroller=\"BiTO4b\"><span class=\"ryNqvb\" jsname=\"W297wb\" jsaction=\"click:PDNqTc,GFf3ac,qlVvte;contextmenu:Nqw7Te,QP7LD; mouseout:Nqw7Te; mouseover:PDNqTc,c2aHje\">Insbesondere werden Inhalte Dritter als solche gekennzeichnet.<\/span><\/span>\u00a0<span jsaction=\"agoMJf:PFBcW;MZfLnc:P7O7bd;nt4Alf:pvnm0e,pfE8Hb,PFBcW;B01qod:dJXsye;H1e5u:iXtTIf;lYIUJf:hij5Wb\" jsname=\"txFAF\" class=\"jCAhz ChMk0b\" jscontroller=\"BiTO4b\"><span class=\"ryNqvb\" jsname=\"W297wb\" jsaction=\"click:PDNqTc,GFf3ac,qlVvte;contextmenu:Nqw7Te,QP7LD; mouseout:Nqw7Te; mouseover:PDNqTc,c2aHje\">Sollten Sie trotzdem auf eine Urheberrechtsverletzung aufmerksam werden, bitten wir um einen entsprechenden Hinweis.<\/span><\/span> <span jsaction=\"agoMJf:PFBcW;MZfLnc:P7O7bd;nt4Alf:pvnm0e,pfE8Hb,PFBcW;B01qod:dJXsye;H1e5u:iXtTIf;lYIUJf:hij5Wb\" jsname=\"txFAF\" class=\"jCAhz ChMk0b\" jscontroller=\"BiTO4b\"><span class=\"ryNqvb\" jsname=\"W297wb\" jsaction=\"click:PDNqTc,GFf3ac,qlVvte;contextmenu:Nqw7Te,QP7LD; mouseout:Nqw7Te; mouseover:PDNqTc,c2aHje\">Bei Bekanntwerden von Rechtsverletzungen werden wir derartige Inhalte umgehend entfernen. Alle Bildinhalte stammen von <a href=\"http:\/\/www.unsplash.com,\" rel=\"nofollow\">www.unsplash.com,<\/a> sofern nicht ausdr\u00fccklich anders erw\u00e4hnt.<\/span><\/span><\/span><\/p>\n<p><span class=\"HwtZe\" jsaction=\"mouseup:Sxi9L,BR6jm; mousedown:qjlr0e\" jsname=\"jqKxS\" lang=\"en\"><span jsaction=\"agoMJf:PFBcW;MZfLnc:P7O7bd;nt4Alf:pvnm0e,pfE8Hb,PFBcW;B01qod:dJXsye;H1e5u:iXtTIf;lYIUJf:hij5Wb\" jsname=\"txFAF\" class=\"jCAhz ChMk0b\" jscontroller=\"BiTO4b\"><span class=\"ryNqvb\" jsname=\"W297wb\" jsaction=\"click:PDNqTc,GFf3ac,qlVvte;contextmenu:Nqw7Te,QP7LD; mouseout:Nqw7Te; mouseover:PDNqTc,c2aHje\"><\/span><\/span><\/span><\/p>\n<h2>Datenschutz<\/h2>\n<p><span class=\"HwtZe\" jsaction=\"mouseup:Sxi9L,BR6jm; mousedown:qjlr0e\" jsname=\"jqKxS\" lang=\"en\"><span jsaction=\"agoMJf:PFBcW;MZfLnc:P7O7bd;nt4Alf:pvnm0e,pfE8Hb,PFBcW;B01qod:dJXsye;H1e5u:iXtTIf;lYIUJf:hij5Wb\" jsname=\"txFAF\" class=\"jCAhz\" jscontroller=\"BiTO4b\"><span class=\"ryNqvb\" jsname=\"W297wb\" jsaction=\"click:PDNqTc,GFf3ac,qlVvte;contextmenu:Nqw7Te,QP7LD; mouseout:Nqw7Te; mouseover:PDNqTc,c2aHje\">Please consult our <a href=\"\/de\/privacy-policy\/\">Datenschutzerkl\u00e4rung<\/a>.<\/span><\/span><\/span><\/p>\n<p><span class=\"HwtZe\" jsaction=\"mouseup:Sxi9L,BR6jm; mousedown:qjlr0e\" jsname=\"jqKxS\" lang=\"en\"><span jsaction=\"agoMJf:PFBcW;MZfLnc:P7O7bd;nt4Alf:pvnm0e,pfE8Hb,PFBcW;B01qod:dJXsye;H1e5u:iXtTIf;lYIUJf:hij5Wb\" jsname=\"txFAF\" class=\"jCAhz\" jscontroller=\"BiTO4b\"><span class=\"ryNqvb\" jsname=\"W297wb\" jsaction=\"click:PDNqTc,GFf3ac,qlVvte;contextmenu:Nqw7Te,QP7LD; mouseout:Nqw7Te; mouseover:PDNqTc,c2aHje\"><\/span><\/span><\/span><\/p>\n<h2>Verzicht auf Cookies<\/h2>\n<p><span class=\"HwtZe\" jsaction=\"mouseup:Sxi9L,BR6jm; mousedown:qjlr0e\" jsname=\"jqKxS\" lang=\"en\"><span jsaction=\"agoMJf:PFBcW;MZfLnc:P7O7bd;nt4Alf:pvnm0e,pfE8Hb,PFBcW;B01qod:dJXsye;H1e5u:iXtTIf;lYIUJf:hij5Wb\" jsname=\"txFAF\" class=\"jCAhz ChMk0b\" jscontroller=\"BiTO4b\"><span class=\"ryNqvb\" jsname=\"W297wb\" jsaction=\"click:PDNqTc,GFf3ac,qlVvte;contextmenu:Nqw7Te,QP7LD; mouseout:Nqw7Te; mouseover:PDNqTc,c2aHje\">Diese Website verzichtet ausdr\u00fccklich auf die Nutzung von Cookies mit Ausnahme der minimal technisch notwendigen Cookies  (Navigation, Warenkorb, Zahlung).<\/span><\/span> <span jsaction=\"agoMJf:PFBcW;MZfLnc:P7O7bd;nt4Alf:pvnm0e,pfE8Hb,PFBcW;B01qod:dJXsye;H1e5u:iXtTIf;lYIUJf:hij5Wb\" jsname=\"txFAF\" class=\"jCAhz ChMk0b\" jscontroller=\"BiTO4b\"><span class=\"ryNqvb\" jsname=\"W297wb\" jsaction=\"click:PDNqTc,GFf3ac,qlVvte;contextmenu:Nqw7Te,QP7LD; mouseout:Nqw7Te; mouseover:PDNqTc,c2aHje\">Deshalb verzichten wir darauf, unsere Nutzer mit einem Zustimmungsformular f\u00fcr Cookies zu bel\u00e4stigen.<\/span><\/span> <span jsaction=\"agoMJf:PFBcW;MZfLnc:P7O7bd;nt4Alf:pvnm0e,pfE8Hb,PFBcW;B01qod:dJXsye;H1e5u:iXtTIf;lYIUJf:hij5Wb\" jsname=\"txFAF\" class=\"jCAhz ChMk0b\" jscontroller=\"BiTO4b\"><span class=\"ryNqvb\" jsname=\"W297wb\" jsaction=\"click:PDNqTc,GFf3ac,qlVvte;contextmenu:Nqw7Te,QP7LD; mouseout:Nqw7Te; mouseover:PDNqTc,c2aHje\">Wir speichern weder IP-Adressen und l\u00f6schen alle Tracking-Cookies nach dem Schlie\u00dfen der Website.<\/span><\/span> <span jsaction=\"agoMJf:PFBcW;MZfLnc:P7O7bd;nt4Alf:pvnm0e,pfE8Hb,PFBcW;B01qod:dJXsye;H1e5u:iXtTIf;lYIUJf:hij5Wb\" jsname=\"txFAF\" class=\"jCAhz ChMk0b\" jscontroller=\"BiTO4b\"><span class=\"ryNqvb\" jsname=\"W297wb\" jsaction=\"click:PDNqTc,GFf3ac,qlVvte;contextmenu:Nqw7Te,QP7LD; mouseout:Nqw7Te; mouseover:PDNqTc,c2aHje\">Wir nutzen ausdr\u00fccklich weder Google Analytics noch Google AdSense.<\/span><\/span><\/span><\/p>\n<p>\u00a0<\/p>\n<\/div><\/div>\n<\/div>\n\n<div class=\"et_pb_column_2 et_pb_column et_pb_column_1_4 et-last-child et_block_column et_pb_css_mix_blend_mode_passthrough preset--group--divi-column--divi-box-shadow--default preset--group--divi-column--divi-sizing--default preset--group--divi-column--divi-sizing--hsj9uxo--default\">\n<div class=\"et_pb_image_0 et_pb_image et_pb_module et_block_module preset--group--divi-image--divi-box-shadow--hr81m0w--default preset--group--divi-image--divi-sizing--hsj9uxo--default\"><span class=\"et_pb_image_wrap\"><img loading=\"lazy\" decoding=\"async\" src=\"https:\/\/www.9senses.net\/wp-content\/uploads\/2024\/02\/ai-generator-8.png\" width=\"553\" height=\"408\" srcset=\"https:\/\/www.9senses.net\/wp-content\/uploads\/2024\/02\/ai-generator-8.png 553w, https:\/\/www.9senses.net\/wp-content\/uploads\/2024\/02\/ai-generator-8-480x354.png 480w\" sizes=\"(min-width: 0px) and (max-width: 480px) 480px, (min-width: 481px) 553px, 100vw\" class=\"wp-image-81\" title=\"ai-generator-8\" \/><\/span><\/div>\n<\/div>\n<\/div>\n<\/div>","protected":false},"excerpt":{"rendered":"","protected":false},"author":1,"featured_media":0,"parent":0,"menu_order":0,"comment_status":"closed","ping_status":"closed","template":"","meta":{"_acf_changed":false,"footnotes":""},"class_list":["post-361","page","type-page","status-publish","hentry"],"acf":[],"_links":{"self":[{"href":"https:\/\/www.9senses.net\/de\/wp-json\/wp\/v2\/pages\/361","targetHints":{"allow":["GET"]}}],"collection":[{"href":"https:\/\/www.9senses.net\/de\/wp-json\/wp\/v2\/pages"}],"about":[{"href":"https:\/\/www.9senses.net\/de\/wp-json\/wp\/v2\/types\/page"}],"author":[{"embeddable":true,"href":"https:\/\/www.9senses.net\/de\/wp-json\/wp\/v2\/users\/1"}],"replies":[{"embeddable":true,"href":"https:\/\/www.9senses.net\/de\/wp-json\/wp\/v2\/comments?post=361"}],"version-history":[{"count":0,"href":"https:\/\/www.9senses.net\/de\/wp-json\/wp\/v2\/pages\/361\/revisions"}],"wp:attachment":[{"href":"https:\/\/www.9senses.net\/de\/wp-json\/wp\/v2\/media?parent=361"}],"curies":[{"name":"wp","href":"https:\/\/api.w.org\/{rel}","templated":true}]}}